{"id":614,"date":"2024-08-10T07:32:11","date_gmt":"2024-08-10T07:32:11","guid":{"rendered":"https:\/\/startersites.io\/elementor\/consultant\/?page_id=614"},"modified":"2026-01-31T12:57:21","modified_gmt":"2026-01-31T12:57:21","slug":"home","status":"publish","type":"page","link":"https:\/\/joaquincenteno.com\/","title":{"rendered":"Home"},"content":{"rendered":"\t\t<div data-elementor-type=\"wp-page\" data-elementor-id=\"614\" class=\"elementor elementor-614\">\n\t\t\t\t<div class=\"elementor-element elementor-element-97c673e e-flex e-con-boxed e-con e-parent\" data-id=\"97c673e\" data-element_type=\"container\">\n\t\t\t\t\t<div class=\"e-con-inner\">\n\t\t<div class=\"elementor-element elementor-element-f882295 e-con-full e-flex e-con e-child\" data-id=\"f882295\" data-element_type=\"container\">\n\t\t\t\t<div class=\"elementor-element elementor-element-39ccbe6 elementor-widget__width-auto elementor-widget elementor-widget-html\" data-id=\"39ccbe6\" data-element_type=\"widget\" data-widget_type=\"html.default\">\n\t\t\t\t\t<div class=\"sppb-addon-content\"><p>Las Monedas Reselladas de Felipe III y Felipe IV<\/p>\r\n<p><a title=\"Portada Libro\" href=\"\/images\/stories\/portadahi.jpg\" target=\"_blank\" rel=\"noopener noreferrer\"><img decoding=\"async\" style=\"clip: rect(0px 0px 0px 0px); border-bottom: #7e8b81 5px solid; border-left: #7e8b81 0px solid; margin: 0px; background-repeat: repeat; float: none; clear: both; border-top: #7e8b81 0px solid; border-right: #7e8b81 5px solid; padding: 0px;\" title=\"Libro de resellos\" src=\"\/images\/stories\/portadalo.jpg\" alt=\"Libro de resellos\" width=\"190\" height=\"209\" align=\"left\" border=\"0\"><\/a><\/p>\r\n<p style=\"font-family: Arial,Helvetica,sans-serif; font-size: 10px;\">ISBN-13: 978-84-611-4208-08<br>128 p\u00e1ginas<br>24 x 17 cm<\/p>\r\n<!--\r\n<p style=\"font-family: Arial,Helvetica,sans-serif; font-size: 10px;\"><a title=\"Pedido\" href=\"\/index.php\/pedido\">Libro Digital &nbsp;&nbsp;<img decoding=\"async\" style=\"padding: 0px; margin: -3px;\" title=\"pdf\" src=\"\/images\/stories\/fileicon-pdf.png\" alt=\"pdf\" width=\"29\" height=\"26\" border=\"0\" \/><\/a><\/p>\r\n--><\/div>\t\t\t\t<\/div>\n\t\t\t\t<\/div>\n\t\t<div class=\"elementor-element elementor-element-8dbd6d9 e-con-full e-flex e-con e-child\" data-id=\"8dbd6d9\" data-element_type=\"container\">\n\t\t\t\t<div class=\"elementor-element elementor-element-05a338b elementor-widget__width-auto elementor-widget elementor-widget-html\" data-id=\"05a338b\" data-element_type=\"widget\" data-widget_type=\"html.default\">\n\t\t\t\t\t<div class=\"sppb-addon sppb-addon-text-block 0  \"><h3 class=\"sppb-addon-title\">Presentacion<\/h3><div class=\"sppb-addon-content\"><p>Aqu\u00ed presento un estudio y catalogaci\u00f3n sobre la Numism\u00e1tica de la Edad Moderna castellana. En concreto, las monedas reselladas de Felipe III y Felipe IV. Libro de reciente publicaci\u00f3n as\u00ed como su correspondiente formato en Libro Digital &nbsp;&nbsp; para hacerlo m\u00e1s asequible.<\/p>\r\n<p><br>En este libro se pretende estudiar las monedas reselladas de Felipe III y Felipe IV en su doble vertiente hist\u00f3rica y numism\u00e1tica. A lo largo de ambos apartados se pone de manifiesto que si bien los resellos tienen el atractivo, como cualquier otra moneda, de sus diferentes matices (ceca, marcas, figura, peso, valor, etc.), hay que estudiarlos en su contexto hist\u00f3rico, encuadr\u00e1ndolos en la \u00e9poca que tuvieron vigencia y, mediante las connotaciones pol\u00edtico-econ\u00f3micas que nos brindan, interpretar estos datos tan valiosos para el conocimiento de las m\u00faltiples repercusiones que suscitaron su puesta en circulaci\u00f3n.<\/p>\r\n<p><br>Los resellos, hasta ahora, no han tenido la consideraci\u00f3n y valoraci\u00f3n que se merecen, debido a que el coleccionismo ha girado entorno a otras monedas consideradas de mayor atractivo. Los resellos, en cambio, aunque son de cobre, presentan una serie de ventajas numism\u00e1ticas con respecto a las primeras:<\/p>\r\n<p>&nbsp;<\/p>\r\n<ol>\r\n<li>No hay dos resellos iguales.<\/li>\r\n<li>Est\u00e1n acu\u00f1ados sobre varios tipos de monedas.<\/li>\r\n<li>Cuando est\u00e1n en buen estado de conservaci\u00f3n nos ofrecen datos muy variados e interesantes.<\/li>\r\n<\/ol><\/div><\/div>\t\t\t\t<\/div>\n\t\t\t\t<\/div>\n\t\t\t\t\t<\/div>\n\t\t\t\t<\/div>\n\t\t<div class=\"elementor-element elementor-element-6034cf4 e-flex e-con-boxed e-con e-parent\" data-id=\"6034cf4\" data-element_type=\"container\">\n\t\t\t\t\t<div class=\"e-con-inner\">\n\t\t\t\t<div class=\"elementor-element elementor-element-b73724b elementor-widget elementor-widget-html\" data-id=\"b73724b\" data-element_type=\"widget\" data-widget_type=\"html.default\">\n\t\t\t\t\t<div class=\"sppb-addon sppb-addon-text-block 0  \"><h3 class=\"sppb-addon-title\">Biografia<\/h3><div class=\"sppb-addon-content\"><p><img decoding=\"async\" style=\"border-bottom: #afadab 4px solid; border-left: #afadab 0px solid; margin: 0px 45px 0px 25px; border-top: #afadab 0px solid; border-right: #afadab 4px solid;\" title=\"Joaqu\u00edn Centeno\" src=\"\/images\/stories\/Foto.jpg\" alt=\"Joaqu\u00edn Centeno\" width=\"175\" height=\"156\" align=\"right\" border=\"0\">Nacido en C\u00f3rdoba, es doctor en Historia por la Universidad de C\u00f3rdoba en 2004. Sus estudios en la \u00c9poca Moderna (siglos XVI, XVII y XVIII) se centran en la Historia Social de la Administraci\u00f3n Local y en Numism\u00e1tica de la misma \u00e9poca.<\/p>\r\n<p>Es autor de los libros titulados <strong><em>Los jurados de C\u00f3rdoba, 1454-1579. Estudio jur\u00eddico-institucional, <\/em><em>El control de administraci\u00f3n urbana. Evoluci\u00f3n de los jurados de C\u00f3rdoba (1297-1834)<\/em><\/strong>, basado en su Tesis Doctoral y los art\u00edculos publicados en la revista OMNI&nbsp;en los n\u00fameros 2 y 5, titulados<strong> <em>La falsificaci\u00f3n de monedas de vell\u00f3n en tiempos de los Austrias y Las coronas del resello de Felipe IV (1641-1642)<\/em><\/strong>,&nbsp;as\u00ed como trabajos relacionados con la Numism\u00e1tica en el campo de los resellos y sus falsificaci\u00f3nes. Actualmente est\u00e1 investigando en el campo de la Prehistoria con el tema: <strong>Vestigios del Paleol\u00edtico Medio en Arroyo de Pedroches (C\u00f3rdoba). Una tipolog\u00eda adaptada.<\/strong><\/p><\/div><\/div>\t\t\t\t<\/div>\n\t\t\t\t\t<\/div>\n\t\t\t\t<\/div>\n\t\t<div class=\"elementor-element elementor-element-297c806 e-flex e-con-boxed e-con e-parent\" data-id=\"297c806\" data-element_type=\"container\">\n\t\t\t\t\t<div class=\"e-con-inner\">\n\t\t\t\t<div class=\"elementor-element elementor-element-c335e57 elementor-widget elementor-widget-html\" data-id=\"c335e57\" data-element_type=\"widget\" data-widget_type=\"html.default\">\n\t\t\t\t\t<div class=\"sppb-addon sppb-addon-text-block 0  \"><h3 class=\"sppb-addon-title\">Sinopsis<\/h3><div class=\"sppb-addon-content\"><p><img decoding=\"async\" style=\"padding: 0px 0px 10px 25px;\" title=\"Libro de Resellos\" src=\"\/images\/stories\/portadalo.jpg\" alt=\"Libro de Resellos\" align=\"right\" border=\"0\">La presente obra consta de dos partes:<\/p>\r\n<ol>\r\n<li><strong>Primera parte:<br><\/strong>Estudio y Catalogaci\u00f3n. En esta parte se hace un repaso a la pol\u00edtica interior y exterior de los reinados de Felipe III y Felipe IV, as\u00ed como los datos pol\u00edtico-econ\u00f3micos, completado con un estudio sobre las cecas castellanas en cuanto a la administraci\u00f3n, significado de las distintas acu\u00f1aciones y el an\u00e1lisis de la pol\u00edtica llevada a cabo por la Corona con la puesta en marcha de los resellos. Resulta interesante la tipolog\u00eda de coronas y las decoraciones del d\u00edgito (8) expuestos de forma gr\u00e1fica, as\u00ed como las dem\u00e1s marcas de las cecas. Tambi\u00e9n se aborda el tema de las falsificaciones y de las acu\u00f1aciones originales de vell\u00f3n despu\u00e9s de 1603.<\/li>\r\n<li><strong>Segunda parte:<br><\/strong>Se pone de manifiesto los criterios seguidos para la catalogaci\u00f3n y valoraci\u00f3n, pues no hay dos resellos iguales. Para ello se realiza la divisi\u00f3n de las monedas originales:<br>\r\n<ol>\r\n<li>Calderilla.<\/li>\r\n<li>Acu\u00f1aciones a molino en el Real Ingenio de Segovia entre 1597-1602.<\/li>\r\n<li>Las piezas acu\u00f1adas en el Real Ingenio posteriores a 1602.<\/li>\r\n<li>El vell\u00f3n grueso a martillo acu\u00f1ado durante los reinados de Felipe III y Felipe IV en diferentes cecas castellanas.<\/li>\r\n<\/ol>\r\n<\/li>\r\n<\/ol>\r\n<p><br>Una vez efectuada esta clasificaci\u00f3n se procede al estudio formal de las monedas (peso, ceca y fecha de origen, ceca y fecha del resello, valoraci\u00f3n de las cecas del resello, n\u00famero de fecha aparecidas en la moneda y estado de conservaci\u00f3n). En definitiva, la catalogaci\u00f3n y valoraci\u00f3n de los mismos<\/p><\/div><\/div>\t\t\t\t<\/div>\n\t\t\t\t<div class=\"elementor-element elementor-element-e71ce0f elementor-widget elementor-widget-html\" data-id=\"e71ce0f\" data-element_type=\"widget\" data-widget_type=\"html.default\">\n\t\t\t\t\t<h3 class=\"sppb-addon-title\">Otras Publicaciones<\/h3>\t\t\t\t<\/div>\n\t\t\t\t\t<\/div>\n\t\t\t\t<\/div>\n\t\t<div class=\"elementor-element elementor-element-af4cb59 e-grid e-con-boxed e-con e-parent\" data-id=\"af4cb59\" data-element_type=\"container\">\n\t\t\t\t\t<div class=\"e-con-inner\">\n\t\t\t\t<div class=\"elementor-element elementor-element-5aad0f9 elementor-widget elementor-widget-html\" data-id=\"5aad0f9\" data-element_type=\"widget\" data-widget_type=\"html.default\">\n\t\t\t\t\t<div class=\"sppb-addon-content\"><h2 style=\"font-style: italic;\"><strong>La falsificaci\u00f3n de monedas de vell\u00f3n en tiempo de los Austrias.<\/strong><\/h2>\r\n<h2 style=\"font-style: italic;\"><strong>Las coronas del resello de Felipe IV (1641-1642).<\/strong><\/h2>\r\n<p><span style=\"line-height: 1.3em; text-decoration: underline;\">Documentos:<\/span><\/p>\r\n<p>Revista<\/p>\r\n<p><span style=\"text-decoration: underline;\">Descripci\u00f3n:<\/span><br>En el primer art\u00edculo se pone de manifiesto que la falsificaci\u00f3n de monedas ha sido una constante en la Historia, principalmente en la \u00e9poca de los Austrias, debido a la ca\u00edda del Imperio Espa\u00f1ol y las consecuencias econ\u00f3micas que suscit\u00f3, siendo la moneda de 16 maraved\u00eds acu\u00f1ada por Felipe IV (1661-1664) las m\u00e1s falsificada de la Numism\u00e1tica Espa\u00f1ola. En el segundo art\u00edculo se da a conocer la tipolog\u00eda de las coronas del resello de 1641-1642 en cuanto a las diez cecas que lo acu\u00f1aron, pues cada una de ellas dise\u00f1\u00f3 modelos diferentes. Se acompa\u00f1a un estudio pol\u00edtico-econ\u00f3mico del motivo por el cual se emiti\u00f3 dicho resello.<\/p>\r\n<p><span style=\"text-decoration: underline;\">Edita:<\/span><\/p>\r\n<ul>\r\n<li>Revista Numism\u00e1tica OMNI<br>n\u00ba 2, (2011)<\/li>\r\n<li>Revista Numism\u00e1tica OMNI<br>n\u00ba 5, (2012)<\/li>\r\n<\/ul>\r\n<p>Los n\u00fameros de la Revista OMNI se pueden ver por Internet con el siguiente enlace: <a href=\"http:\/\/www.wikimoneda.com\/omni\/es\/\" target=\"_blank\" rel=\"noopener noreferrer\">http:\/\/www.wikimoneda.com\/omni\/es\/<\/a><\/p>\r\n<p>Enlace para la compra de la revista haga click <a title=\"Compra revista OMNI n\u00famero 2 2011\" href=\"http:\/\/www.bubok.com\/libros\/199284\/OMNI-n-2-revista-de-numismatica\" target=\"_blank\" rel=\"noopener noreferrer\">AQUI<\/a>.<\/p>\r\n<p>Enlace del editor <a title=\"OMNI Foro de numism\u00e1tica\" href=\"http:\/\/www.identificacion-numismatica.com\/\" target=\"_blank\" rel=\"noopener noreferrer\">OMNI<\/a>.<\/p>\r\n<p><img loading=\"lazy\" decoding=\"async\" style=\"float: right;\" title=\"Revista Omni\" src=\"\/images\/stories\/omni5portada.jpg\" alt=\"Revista Omni\" width=\"150\" height=\"220\" border=\"0\"> <img loading=\"lazy\" decoding=\"async\" style=\"float: right;\" title=\"Revista Omni\" src=\"\/images\/stories\/omni5.png\" alt=\"Revista Omni\" width=\"150\" height=\"220\" border=\"0\"><\/p><\/div>\t\t\t\t<\/div>\n\t\t\t\t<div class=\"elementor-element elementor-element-d1f4a96 elementor-widget elementor-widget-html\" data-id=\"d1f4a96\" data-element_type=\"widget\" data-widget_type=\"html.default\">\n\t\t\t\t\t<div class=\"sppb-addon sppb-addon-text-block 0  \"><div class=\"sppb-addon-content\"><h2><em><strong>Sociolog\u00eda pol\u00edtica de una \u00e9lite de poder. La evoluci\u00f3n de los jurados de C\u00f3rdoba en la \u00c9poca Moderna.<\/strong><\/em><\/h2>\r\n<p><span style=\"text-decoration: underline;\">Documento:<\/span><br>Libro<\/p>\r\n<p><span style=\"text-decoration: underline;\">Descripci\u00f3n:<br><\/span>Tesis Doctoral<\/p>\r\n<p><span style=\"text-decoration: underline;\">Edita:<\/span><\/p>\r\n<ul>\r\n<li>Universidad de C\u00f3rdoba<br>Servicio de Publicaciones de dicha Universidad en&nbsp;formato digital <br>C\u00f3rdoba, (2005)<\/li>\r\n<\/ul>\r\n<p>El enlace de la publicaci\u00f3n est\u00e1 <a title=\"Tesis Doctoral\" href=\"\/images\/pdf\/13209802.pdf\" target=\"_blank\" rel=\"noopener noreferrer\">AQU\u00cd<\/a><\/p><\/div><\/div>\t\t\t\t<\/div>\n\t\t\t\t<div class=\"elementor-element elementor-element-bcfcc73 elementor-widget elementor-widget-html\" data-id=\"bcfcc73\" data-element_type=\"widget\" data-widget_type=\"html.default\">\n\t\t\t\t\t<div id=\"sppb-addon-1546125216471\" class=\"clearfix\"><div class=\"sppb-addon sppb-addon-text-block 0  \"><div class=\"sppb-addon-content\"><h2 style=\"font-style: italic;\"><strong>Los jurados de C\u00f3rdoba, 1454-1579. Estudio jur\u00eddico-institucional.<\/strong><\/h2>\r\n<p><span style=\"text-decoration: underline;\">Documento:<\/span><br>Libro<\/p>\r\n<p><span style=\"text-decoration: underline;\">Descripci\u00f3n:<img loading=\"lazy\" decoding=\"async\" title=\"Los Jurados de C\u00f3rdoba 1454-1579\" src=\"\/images\/stories\/jurados75x.jpg\" alt=\"Los Jurados de C\u00f3rdoba 1454-1579\" width=\"112\" height=\"159\" align=\"right\" border=\"0\"><\/span><br>Este libro tiene como n\u00facleo tem\u00e1tico los jurados, pero no como oficios aislados, sino en su relaci\u00f3n con los dem\u00e1s que configuraban el concejo cordob\u00e9s a comienzo de la Edad Moderna. As\u00ed, pues, las figuras del corregidor, los regidores, diputados del mes, fieles ejecutores e instituciones de justicia son estudiadas tomando como fuente primaria el <em>Fondo de Jurados<\/em> del Archivo Municipal de C\u00f3rdoba.<\/p>\r\n<p><span style=\"text-decoration: underline;\">Detalles:<\/span><br>A\u00f1o de edici\u00f3n: 2000<br>P\u00e1ginas:&nbsp;119<br>Tama\u00f1o: 21x15 cm.<br>Precio: 10,22 \u20ac<\/p>\r\n<p><span style=\"text-decoration: underline;\">Edita:<\/span><\/p>\r\n<ul>\r\n<li>Servicio de Publicaciones de la Universidad de C\u00f3rdoba<\/li>\r\n<\/ul><\/div><\/div><\/div>\t\t\t\t<\/div>\n\t\t\t\t<div class=\"elementor-element elementor-element-2f86c94 elementor-widget elementor-widget-html\" data-id=\"2f86c94\" data-element_type=\"widget\" data-widget_type=\"html.default\">\n\t\t\t\t\t<div class=\"sppb-addon sppb-addon-text-block 0  \"><div class=\"sppb-addon-content\"><h2 style=\"font-style: italic;\"><strong>El control de la Administraci\u00f3n Urbana. Evoluci\u00f3n de los jurados de C\u00f3rdoba (1297-1834).<\/strong><img loading=\"lazy\" decoding=\"async\" title=\"El Control de la Administraci\u00f3n Urbana\" src=\"\/images\/stories\/9788478018444_04_h.jpg\" alt=\"El Control de la Administraci\u00f3n Urbana\" width=\"147\" height=\"178\" align=\"right\" border=\"0\"><\/h2>\r\n<p><span style=\"text-decoration: underline;\">Documento:<\/span><br>Libro<\/p>\r\n<p><span style=\"text-decoration: underline;\">Descripcion:<br><\/span>Este libro pone de manifiesto que los jurados fueron los representantes del com\u00fan, es decir, el de sus convecinos, con voz y sin voto en el ayuntamiento, lo que no fue obst\u00e1culo para que desempe\u00f1aran un papel a nivel institucional sin precedentes en la Historia de Espa\u00f1a, aunque su instituci\u00f3n que los representaba atravesara, en un per\u00edodo de m\u00e1s de 500 a\u00f1os, por&nbsp;un comienzo, un apogeo y un declive.<\/p>\r\n<p><span style=\"text-decoration: underline;\">Detalles:<br><\/span>A\u00f1o de edici\u00f3n: 2006<br>P\u00e1ginas: 336<br>Tama\u00f1o:&nbsp;24x17 cm.<br>Precio:&nbsp;18,50 \u20ac.<\/p>\r\n<p><span style=\"text-decoration: underline;\">Editan:<\/span><\/p>\r\n<ul>\r\n<li>Servicio de Publicaciones. Universidad de C\u00f3rdoba.<\/li>\r\n<li>Servicio de Publicaciones de CajaSur.<\/li>\r\n<li>Ecmo. Ayuntamiento de C\u00f3rdoba -&nbsp;\u00c1rea de Servicios Culturales y Turismo.<\/li>\r\n<\/ul><\/div><\/div>\t\t\t\t<\/div>\n\t\t\t\t\t<\/div>\n\t\t\t\t<\/div>\n\t\t<div class=\"elementor-element elementor-element-507fe0d e-flex e-con-boxed e-con e-parent\" data-id=\"507fe0d\" data-element_type=\"container\">\n\t\t\t\t\t<div class=\"e-con-inner\">\n\t\t\t\t<div class=\"elementor-element elementor-element-b692bfa elementor-widget elementor-widget-html\" data-id=\"b692bfa\" data-element_type=\"widget\" data-widget_type=\"html.default\">\n\t\t\t\t\t<div class=\"sppb-addon-content\"><h2 style=\"font-style: italic;\"><strong>Los \u00fatiles del paleol\u00edtico medio aparecidos en Arroyo de Pedroches (C\u00f3rdoba). Una tipolog\u00eda adaptada<\/strong>.<\/h2>\r\n<p><span style=\"text-decoration: underline;\">Documento:<\/span><br>Informe cient\u00edfico<\/p>\r\n<p><span style=\"text-decoration: underline;\">Descripci\u00f3n:<\/span><br>El prop\u00f3sito de este trabajo es poner en conocimiento una tipolog\u00eda de \u00fatiles, algunos de ellos poco conocidos que, aunque dispersos en el curso del Arroyode&nbsp;Pedroches, supone una aportaci\u00f3n novedosa para entender la Etapa Musteriense desarrollada en C\u00f3rdoba.&nbsp;<span style=\"line-height: 1.3em;\">Hay que considerar la complejidad que conlleva los trabajos de Prehistoria, donde hay que identificar, examinar y estudiar de forma muy detallada los artefactos para saber c\u00f3mo se hicieron y m\u00e1s dif\u00edcil a\u00fan conocer su uso; pero eso no quita para que se evidencien claras connotaciones que demuestran haber sido trabajados por la mano de hombre. <\/span><\/p>\r\n<p><img decoding=\"async\" style=\"float: right; border: 0px;\" title=\"Puente de pedroches\" src=\"\/images\/stories\/foto0048.jpg\" alt=\"Puente de pedroches\" width=\"200\" border=\"0\"><\/p>\r\n<p><span style=\"text-decoration: underline;\">Detalles:<\/span><br>A\u00f1o de edici\u00f3n: 2014<br>P\u00e1ginas: 33<br>Tama\u00f1o: A4.<\/p>\r\n<p><span style=\"text-decoration: underline;\">Edita:<\/span><\/p>\r\n<ul>\r\n<li>Joaqu\u00edn Centeno Y\u00e1\u00f1ez<\/li>\r\n<\/ul><\/div>\t\t\t\t<\/div>\n\t\t<div class=\"elementor-element elementor-element-0d79078 e-con-full e-flex e-con e-child\" data-id=\"0d79078\" data-element_type=\"container\">\n\t\t\t\t<\/div>\n\t\t\t\t\t<\/div>\n\t\t\t\t<\/div>\n\t\t\t\t<\/div>\n\t\t","protected":false},"excerpt":{"rendered":"<p>Las Monedas Reselladas de Felipe III y Felipe IV ISBN-13: 978-84-611-4208-08128 p\u00e1ginas24 x 17 cm Presentacion Aqu\u00ed presento un estudio y catalogaci\u00f3n sobre la Numism\u00e1tica de la Edad Moderna castellana. En concreto, las monedas reselladas de Felipe III y Felipe IV. Libro de reciente publicaci\u00f3n as\u00ed como su correspondiente formato en Libro Digital &nbsp;&nbsp; para [&hellip;]<\/p>\n","protected":false},"author":1,"featured_media":0,"parent":0,"menu_order":0,"comment_status":"closed","ping_status":"closed","template":"","meta":{"footnotes":""},"class_list":["post-614","page","type-page","status-publish","hentry"],"blocksy_meta":{"has_hero_section":"disabled","styles_descriptor":{"styles":{"desktop":"","tablet":"","mobile":""},"google_fonts":[],"version":6}},"yoast_head":"<!-- This site is optimized with the Yoast SEO plugin v26.8 - https:\/\/yoast.com\/product\/yoast-seo-wordpress\/ -->\n<title>Home - Joaquin Centeno<\/title>\n<meta name=\"robots\" content=\"index, follow, max-snippet:-1, max-image-preview:large, max-video-preview:-1\" \/>\n<link rel=\"canonical\" href=\"https:\/\/joaquincenteno.com\/\" \/>\n<meta property=\"og:locale\" content=\"es_ES\" \/>\n<meta property=\"og:type\" content=\"article\" \/>\n<meta property=\"og:title\" content=\"Home - Joaquin Centeno\" \/>\n<meta property=\"og:description\" content=\"Las Monedas Reselladas de Felipe III y Felipe IV ISBN-13: 978-84-611-4208-08128 p\u00e1ginas24 x 17 cm Presentacion Aqu\u00ed presento un estudio y catalogaci\u00f3n sobre la Numism\u00e1tica de la Edad Moderna castellana. En concreto, las monedas reselladas de Felipe III y Felipe IV. Libro de reciente publicaci\u00f3n as\u00ed como su correspondiente formato en Libro Digital &nbsp;&nbsp; para [&hellip;]\" \/>\n<meta property=\"og:url\" content=\"https:\/\/joaquincenteno.com\/\" \/>\n<meta property=\"og:site_name\" content=\"Joaquin Centeno\" \/>\n<meta property=\"article:modified_time\" content=\"2026-01-31T12:57:21+00:00\" \/>\n<meta name=\"twitter:card\" content=\"summary_large_image\" \/>\n<meta name=\"twitter:label1\" content=\"Tiempo de lectura\" \/>\n\t<meta name=\"twitter:data1\" content=\"7 minutos\" \/>\n<script type=\"application\/ld+json\" class=\"yoast-schema-graph\">{\"@context\":\"https:\/\/schema.org\",\"@graph\":[{\"@type\":\"WebPage\",\"@id\":\"https:\/\/joaquincenteno.com\/\",\"url\":\"https:\/\/joaquincenteno.com\/\",\"name\":\"Home - Joaquin Centeno\",\"isPartOf\":{\"@id\":\"https:\/\/joaquincenteno.com\/#website\"},\"datePublished\":\"2024-08-10T07:32:11+00:00\",\"dateModified\":\"2026-01-31T12:57:21+00:00\",\"breadcrumb\":{\"@id\":\"https:\/\/joaquincenteno.com\/#breadcrumb\"},\"inLanguage\":\"es\",\"potentialAction\":[{\"@type\":\"ReadAction\",\"target\":[\"https:\/\/joaquincenteno.com\/\"]}]},{\"@type\":\"BreadcrumbList\",\"@id\":\"https:\/\/joaquincenteno.com\/#breadcrumb\",\"itemListElement\":[{\"@type\":\"ListItem\",\"position\":1,\"name\":\"Portada\",\"item\":\"https:\/\/joaquincenteno.com\/\"},{\"@type\":\"ListItem\",\"position\":2,\"name\":\"Home\"}]},{\"@type\":\"WebSite\",\"@id\":\"https:\/\/joaquincenteno.com\/#website\",\"url\":\"https:\/\/joaquincenteno.com\/\",\"name\":\"Joaquin Centeno\",\"description\":\"\",\"publisher\":{\"@id\":\"https:\/\/joaquincenteno.com\/#organization\"},\"potentialAction\":[{\"@type\":\"SearchAction\",\"target\":{\"@type\":\"EntryPoint\",\"urlTemplate\":\"https:\/\/joaquincenteno.com\/?s={search_term_string}\"},\"query-input\":{\"@type\":\"PropertyValueSpecification\",\"valueRequired\":true,\"valueName\":\"search_term_string\"}}],\"inLanguage\":\"es\"},{\"@type\":\"Organization\",\"@id\":\"https:\/\/joaquincenteno.com\/#organization\",\"name\":\"Joaquin Centeno\",\"url\":\"https:\/\/joaquincenteno.com\/\",\"logo\":{\"@type\":\"ImageObject\",\"inLanguage\":\"es\",\"@id\":\"https:\/\/joaquincenteno.com\/#\/schema\/logo\/image\/\",\"url\":\"https:\/\/joaquincenteno.com\/wp-content\/uploads\/2026\/01\/ochos.png\",\"contentUrl\":\"https:\/\/joaquincenteno.com\/wp-content\/uploads\/2026\/01\/ochos.png\",\"width\":136,\"height\":119,\"caption\":\"Joaquin Centeno\"},\"image\":{\"@id\":\"https:\/\/joaquincenteno.com\/#\/schema\/logo\/image\/\"}}]}<\/script>\n<!-- \/ Yoast SEO plugin. -->","yoast_head_json":{"title":"Home - Joaquin Centeno","robots":{"index":"index","follow":"follow","max-snippet":"max-snippet:-1","max-image-preview":"max-image-preview:large","max-video-preview":"max-video-preview:-1"},"canonical":"https:\/\/joaquincenteno.com\/","og_locale":"es_ES","og_type":"article","og_title":"Home - Joaquin Centeno","og_description":"Las Monedas Reselladas de Felipe III y Felipe IV ISBN-13: 978-84-611-4208-08128 p\u00e1ginas24 x 17 cm Presentacion Aqu\u00ed presento un estudio y catalogaci\u00f3n sobre la Numism\u00e1tica de la Edad Moderna castellana. En concreto, las monedas reselladas de Felipe III y Felipe IV. Libro de reciente publicaci\u00f3n as\u00ed como su correspondiente formato en Libro Digital &nbsp;&nbsp; para [&hellip;]","og_url":"https:\/\/joaquincenteno.com\/","og_site_name":"Joaquin Centeno","article_modified_time":"2026-01-31T12:57:21+00:00","twitter_card":"summary_large_image","twitter_misc":{"Tiempo de lectura":"7 minutos"},"schema":{"@context":"https:\/\/schema.org","@graph":[{"@type":"WebPage","@id":"https:\/\/joaquincenteno.com\/","url":"https:\/\/joaquincenteno.com\/","name":"Home - Joaquin Centeno","isPartOf":{"@id":"https:\/\/joaquincenteno.com\/#website"},"datePublished":"2024-08-10T07:32:11+00:00","dateModified":"2026-01-31T12:57:21+00:00","breadcrumb":{"@id":"https:\/\/joaquincenteno.com\/#breadcrumb"},"inLanguage":"es","potentialAction":[{"@type":"ReadAction","target":["https:\/\/joaquincenteno.com\/"]}]},{"@type":"BreadcrumbList","@id":"https:\/\/joaquincenteno.com\/#breadcrumb","itemListElement":[{"@type":"ListItem","position":1,"name":"Portada","item":"https:\/\/joaquincenteno.com\/"},{"@type":"ListItem","position":2,"name":"Home"}]},{"@type":"WebSite","@id":"https:\/\/joaquincenteno.com\/#website","url":"https:\/\/joaquincenteno.com\/","name":"Joaquin Centeno","description":"","publisher":{"@id":"https:\/\/joaquincenteno.com\/#organization"},"potentialAction":[{"@type":"SearchAction","target":{"@type":"EntryPoint","urlTemplate":"https:\/\/joaquincenteno.com\/?s={search_term_string}"},"query-input":{"@type":"PropertyValueSpecification","valueRequired":true,"valueName":"search_term_string"}}],"inLanguage":"es"},{"@type":"Organization","@id":"https:\/\/joaquincenteno.com\/#organization","name":"Joaquin Centeno","url":"https:\/\/joaquincenteno.com\/","logo":{"@type":"ImageObject","inLanguage":"es","@id":"https:\/\/joaquincenteno.com\/#\/schema\/logo\/image\/","url":"https:\/\/joaquincenteno.com\/wp-content\/uploads\/2026\/01\/ochos.png","contentUrl":"https:\/\/joaquincenteno.com\/wp-content\/uploads\/2026\/01\/ochos.png","width":136,"height":119,"caption":"Joaquin Centeno"},"image":{"@id":"https:\/\/joaquincenteno.com\/#\/schema\/logo\/image\/"}}]}},"_links":{"self":[{"href":"https:\/\/joaquincenteno.com\/index.php?rest_route=\/wp\/v2\/pages\/614","targetHints":{"allow":["GET"]}}],"collection":[{"href":"https:\/\/joaquincenteno.com\/index.php?rest_route=\/wp\/v2\/pages"}],"about":[{"href":"https:\/\/joaquincenteno.com\/index.php?rest_route=\/wp\/v2\/types\/page"}],"author":[{"embeddable":true,"href":"https:\/\/joaquincenteno.com\/index.php?rest_route=\/wp\/v2\/users\/1"}],"replies":[{"embeddable":true,"href":"https:\/\/joaquincenteno.com\/index.php?rest_route=%2Fwp%2Fv2%2Fcomments&post=614"}],"version-history":[{"count":48,"href":"https:\/\/joaquincenteno.com\/index.php?rest_route=\/wp\/v2\/pages\/614\/revisions"}],"predecessor-version":[{"id":1277,"href":"https:\/\/joaquincenteno.com\/index.php?rest_route=\/wp\/v2\/pages\/614\/revisions\/1277"}],"wp:attachment":[{"href":"https:\/\/joaquincenteno.com\/index.php?rest_route=%2Fwp%2Fv2%2Fmedia&parent=614"}],"curies":[{"name":"wp","href":"https:\/\/api.w.org\/{rel}","templated":true}]}}